{"id":1440,"date":"2017-01-24T21:58:51","date_gmt":"2017-01-24T21:58:51","guid":{"rendered":"https:\/\/demo.brothersthemes.com\/phone-repair\/?page_id=1440"},"modified":"2021-11-19T21:34:45","modified_gmt":"2021-11-19T18:34:45","slug":"iletisim","status":"publish","type":"page","link":"https:\/\/www.pestlife.com.tr\/?page_id=1440","title":{"rendered":"\u0130leti\u015fim"},"content":{"rendered":"<p>[vc_row][vc_column][vc_empty_space height=&#8221;43&#8243;][\/vc_column][\/vc_row][vc_row][vc_column width=&#8221;1\/2&#8243;][vc_custom_heading text=&#8221;Adresimiz&#8221; font_container=&#8221;tag:h3|text_align:left&#8221; use_theme_fonts=&#8221;yes&#8221; css=&#8221;.vc_custom_1596522887054{margin-bottom: 30px !important;}&#8221;][brtm_info_box template=&#8221;partials\/templates\/info-box&#8221; icon_font=&#8221;linecons&#8221; icon_linecons=&#8221;vc_li vc_li-location&#8221; icon_position=&#8221;left&#8221; icon_color=&#8221;#dd3333&#8243; css=&#8221;.vc_custom_1637346904409{padding-bottom: 30px !important;}&#8221;]\u00c7aml\u0131ca, 128. Sk. No: 2\/B, 06200 Yenimahalle\/Ankara[\/brtm_info_box][brtm_info_box template=&#8221;partials\/templates\/info-box&#8221; icon_font=&#8221;linecons&#8221; icon_linecons=&#8221;vc_li vc_li-world&#8221; icon_position=&#8221;left&#8221; icon_color=&#8221;#dd3333&#8243; css=&#8221;.vc_custom_1596523755356{padding-bottom: 30px !important;}&#8221;]<a href=\"https:\/\/www.pestlife.com.tr\">www.pestlife.com.tr<\/a>[\/brtm_info_box][brtm_info_box template=&#8221;partials\/templates\/info-box&#8221; icon_font=&#8221;linecons&#8221; icon_linecons=&#8221;vc_li vc_li-mail&#8221; icon_position=&#8221;left&#8221; icon_color=&#8221;#dd3333&#8243; css=&#8221;.vc_custom_1596523027384{padding-bottom: 30px !important;}&#8221;]<a href=\"mailto:info@pestlife.com.tr\">info@pestlife.com.tr<\/a>[\/brtm_info_box][brtm_info_box template=&#8221;partials\/templates\/info-box&#8221; icon_font=&#8221;linecons&#8221; icon_linecons=&#8221;vc_li vc_li-clock&#8221; icon_position=&#8221;left&#8221; icon_color=&#8221;#dd3333&#8243; css=&#8221;.vc_custom_1596523070907{margin-bottom: 30px !important;}&#8221;]<strong>\u00c7al\u0131\u015fma saatlerimiz:<\/strong><br \/>\nPazartesi\u2011Cuma 08:00\u201119:00<br \/>\nCumartesi-Pazar 10:00\u201117:00[\/brtm_info_box][brtm_info_box template=&#8221;partials\/templates\/info-box&#8221; icon_font=&#8221;linecons&#8221; icon_linecons=&#8221;vc_li vc_li-phone&#8221; icon_position=&#8221;left&#8221; icon_color=&#8221;#dd3333&#8243; css=&#8221;.vc_custom_1637346958383{padding-bottom: 30px !important;}&#8221;]0541 841 2396<br \/>\n0312 397 9006[\/brtm_info_box][brtm_info_box template=&#8221;partials\/templates\/info-box&#8221; icon_font=&#8221;linecons&#8221; icon_linecons=&#8221;vc_li vc_li-star&#8221; icon_position=&#8221;left&#8221; icon_color=&#8221;#34e537&#8243; css=&#8221;.vc_custom_1637346997047{padding-bottom: 30px !important;}&#8221;]Pest Life \u0130la\u00e7lama olarak m\u00fc\u015fterilerimize ha\u015fere ila\u00e7lama, dezenfeksiyon, \u00e7evre sa\u011fl\u0131\u011f\u0131 \u00a0dan\u0131\u015fmanl\u0131\u011f\u0131, sistem geli\u015ftirme hizmetleri sunuyoruz. Teknolojiyi daha iyi sonu\u00e7lar elde etmek i\u00e7in kullanan m\u00fc\u015fterilerimize, \u00e7\u00f6z\u00fcmler geli\u015ftirmekte ve uygulamaktay\u0131z.[\/brtm_info_box][\/vc_column][vc_column width=&#8221;1\/2&#8243;][vc_custom_heading text=&#8221;Bize Yaz\u0131n&#8221; font_container=&#8221;tag:h3|text_align:left&#8221; use_theme_fonts=&#8221;yes&#8221; css=&#8221;.vc_custom_1596523147441{margin-bottom: 30px !important;}&#8221;]<div role=\"form\" class=\"wpcf7\" id=\"wpcf7-f1442-o1\" lang=\"en-US\" dir=\"ltr\">\n<div class=\"screen-reader-response\"><p role=\"status\" aria-live=\"polite\" aria-atomic=\"true\"><\/p> <ul><\/ul><\/div>\n<form action=\"\/index.php?rest_route=%2Fwp%2Fv2%2Fpages%2F1440#wpcf7-f1442-o1\" method=\"post\" class=\"wpcf7-form init\" novalidate=\"novalidate\" data-status=\"init\">\n<div style=\"display: none;\">\n<input type=\"hidden\" name=\"_wpcf7\" value=\"1442\" \/>\n<input type=\"hidden\" name=\"_wpcf7_version\" value=\"5.5.2\" \/>\n<input type=\"hidden\" name=\"_wpcf7_locale\" value=\"en_US\" \/>\n<input type=\"hidden\" name=\"_wpcf7_unit_tag\" value=\"wpcf7-f1442-o1\" \/>\n<input type=\"hidden\" name=\"_wpcf7_container_post\" value=\"0\" \/>\n<input type=\"hidden\" name=\"_wpcf7_posted_data_hash\" value=\"\" \/>\n<\/div>\n<p><span class=\"wpcf7-form-control-wrap your-name\"><input type=\"text\" name=\"your-name\" value=\"\" size=\"40\" class=\"wpcf7-form-control wpcf7-text wpcf7-validates-as-required\" aria-required=\"true\" aria-invalid=\"false\" placeholder=\"Ad\u0131n\u0131z ve Soyad\u0131n\u0131z (Zorunlu)\" \/><\/span> <\/p>\n<p><span class=\"wpcf7-form-control-wrap tel-18\"><input type=\"tel\" name=\"tel-18\" value=\"\" size=\"40\" class=\"wpcf7-form-control wpcf7-text wpcf7-tel wpcf7-validates-as-required wpcf7-validates-as-tel\" aria-required=\"true\" aria-invalid=\"false\" placeholder=\"Telefon Numaran\u0131z (Zorunlu)\" \/><\/span><\/p>\n<p><span class=\"wpcf7-form-control-wrap your-email\"><input type=\"email\" name=\"your-email\" value=\"\" size=\"40\" class=\"wpcf7-form-control wpcf7-text wpcf7-email wpcf7-validates-as-required wpcf7-validates-as-email\" aria-required=\"true\" aria-invalid=\"false\" placeholder=\"E-Posta Adresiniz (Zorunlu)\" \/><\/span><\/p>\n<p><span class=\"wpcf7-form-control-wrap your-subject\"><input type=\"text\" name=\"your-subject\" value=\"\" size=\"40\" class=\"wpcf7-form-control wpcf7-text\" aria-invalid=\"false\" placeholder=\"Konu Ba\u015fl\u0131\u011f\u0131?\" \/><\/span><\/p>\n<p><span class=\"wpcf7-form-control-wrap your-message\"><textarea name=\"your-message\" cols=\"40\" rows=\"8\" class=\"wpcf7-form-control wpcf7-textarea\" aria-invalid=\"false\" placeholder=\"Mesaj\u0131n\u0131z\u0131 Yaz\u0131n\u0131z\"><\/textarea><\/span><\/p>\n<p><input type=\"submit\" value=\"G\u00f6nder\" class=\"wpcf7-form-control has-spinner wpcf7-submit\" \/><\/p>\n<p style=\"display: none !important;\"><label>&#916;<textarea name=\"_wpcf7_ak_hp_textarea\" cols=\"45\" rows=\"8\" maxlength=\"100\"><\/textarea><\/label><input type=\"hidden\" id=\"ak_js\" name=\"_wpcf7_ak_js\" value=\"23\"\/><script>document.getElementById( \"ak_js\" ).setAttribute( \"value\", ( new Date() ).getTime() );<\/script><\/p><div class=\"wpcf7-response-output\" aria-hidden=\"true\"><\/div><\/form><\/div>[\/vc_column][\/vc_row][vc_row full_width=&#8221;stretch_row_content_no_spaces&#8221; css=&#8221;.vc_custom_1485156778817{margin-top: 50px !important;margin-bottom: 0px !important;}&#8221;][vc_column css=&#8221;.vc_custom_1485295642989{padding-top: 0px !important;padding-right: 0px !important;padding-bottom: 0px !important;padding-left: 0px !important;}&#8221;][vc_gmaps link=&#8221;#E-8_JTNDaWZyYW1lJTIwc3JjJTNEJTIyaHR0cHMlM0ElMkYlMkZ3d3cuZ29vZ2xlLmNvbSUyRm1hcHMlMkZlbWJlZCUzRnBiJTNEJTIxMW0xNCUyMTFtOCUyMTFtMyUyMTFkMTIyMzQuMjc3NDY5NDI4NTYlMjEyZDMyLjc4NzYzNzMlMjEzZDM5Ljk1MTAyMTIlMjEzbTIlMjExaTEwMjQlMjEyaTc2OCUyMTRmMTMuMSUyMTNtMyUyMTFtMiUyMTFzMHgwJTI1M0EweGFlMWM5NGU5ODcxMjZmOTQlMjEyelVHVnpkQ0JNYVdabElNU3diR0hEcDJ4aGJXRSUyMTVlMCUyMTNtMiUyMTFzdHIlMjEyc3RyJTIxNHYxNjM3MzQ3MDE5NTM1JTIxNW0yJTIxMXN0ciUyMTJzdHIlMjIlMjB3aWR0aCUzRCUyMjYwMCUyMiUyMGhlaWdodCUzRCUyMjQ1MCUyMiUyMHN0eWxlJTNEJTIyYm9yZGVyJTNBMCUzQiUyMiUyMGFsbG93ZnVsbHNjcmVlbiUzRCUyMiUyMiUyMGxvYWRpbmclM0QlMjJsYXp5JTIyJTNFJTNDJTJGaWZyYW1lJTNF&#8221; el_class=&#8221;no-border&#8221; css=&#8221;.vc_custom_1637347034014{margin-bottom: 0px !important;}&#8221;][\/vc_column][\/vc_row]<\/p>\n","protected":false},"excerpt":{"rendered":"<p>[vc_row][vc_column][vc_empty_space height=&#8221;43&#8243;][\/vc_column][\/vc_row][vc_row][vc_column width=&#8221;1\/2&#8243;][vc_custom_heading text=&#8221;Adresimiz&#8221; font_container=&#8221;tag:h3|text_align:left&#8221; use_theme_fonts=&#8221;yes&#8221; css=&#8221;.vc_custom_1596522887054{margin-bottom: 30px !important;}&#8221;][brtm_info_box template=&#8221;partials\/templates\/info-box&#8221; icon_font=&#8221;linecons&#8221; icon_linecons=&#8221;vc_li vc_li-location&#8221; icon_position=&#8221;left&#8221; icon_color=&#8221;#dd3333&#8243; css=&#8221;.vc_custom_1637346904409{padding-bottom: 30px !important;}&#8221;]\u00c7aml\u0131ca, 128. Sk. No: 2\/B, 06200 Yenimahalle\/Ankara[\/brtm_info_box][brtm_info_box template=&#8221;partials\/templates\/info-box&#8221; icon_font=&#8221;linecons&#8221; icon_linecons=&#8221;vc_li vc_li-world&#8221; icon_position=&#8221;left&#8221; icon_color=&#8221;#dd3333&#8243; css=&#8221;.vc_custom_1596523755356{padding-bottom: 30px !important;}&#8221;]www.pestlife.com.tr[\/brtm_info_box][brtm_info_box template=&#8221;partials\/templates\/info-box&#8221; icon_font=&#8221;linecons&#8221; icon_linecons=&#8221;vc_li vc_li-mail&#8221; icon_position=&#8221;left&#8221; icon_color=&#8221;#dd3333&#8243; css=&#8221;.vc_custom_1596523027384{padding-bottom: 30px !important;}&#8221;]info@pestlife.com.tr[\/brtm_info_box][brtm_info_box template=&#8221;partials\/templates\/info-box&#8221; icon_font=&#8221;linecons&#8221; icon_linecons=&#8221;vc_li vc_li-clock&#8221; icon_position=&#8221;left&#8221; icon_color=&#8221;#dd3333&#8243; css=&#8221;.vc_custom_1596523070907{margin-bottom: 30px !important;}&#8221;]\u00c7al\u0131\u015fma saatlerimiz: Pazartesi\u2011Cuma 08:00\u201119:00 Cumartesi-Pazar [&hellip;]<\/p>\n","protected":false},"author":1,"featured_media":0,"parent":0,"menu_order":6,"comment_status":"closed","ping_status":"closed","template":"","meta":{"spay_email":""},"_links":{"self":[{"href":"https:\/\/www.pestlife.com.tr\/index.php?rest_route=\/wp\/v2\/pages\/1440"}],"collection":[{"href":"https:\/\/www.pestlife.com.tr\/index.php?rest_route=\/wp\/v2\/pages"}],"about":[{"href":"https:\/\/www.pestlife.com.tr\/index.php?rest_route=\/wp\/v2\/types\/page"}],"author":[{"embeddable":true,"href":"https:\/\/www.pestlife.com.tr\/index.php?rest_route=\/wp\/v2\/users\/1"}],"replies":[{"embeddable":true,"href":"https:\/\/www.pestlife.com.tr\/index.php?rest_route=%2Fwp%2Fv2%2Fcomments&post=1440"}],"version-history":[{"count":7,"href":"https:\/\/www.pestlife.com.tr\/index.php?rest_route=\/wp\/v2\/pages\/1440\/revisions"}],"predecessor-version":[{"id":1994,"href":"https:\/\/www.pestlife.com.tr\/index.php?rest_route=\/wp\/v2\/pages\/1440\/revisions\/1994"}],"wp:attachment":[{"href":"https:\/\/www.pestlife.com.tr\/index.php?rest_route=%2Fwp%2Fv2%2Fmedia&parent=1440"}],"curies":[{"name":"wp","href":"https:\/\/api.w.org\/{rel}","templated":true}]}}