{"id":15,"date":"2016-12-02T14:37:08","date_gmt":"2016-12-02T14:37:08","guid":{"rendered":"https:\/\/demo.brothersthemes.com\/phone-repair\/?page_id=15"},"modified":"2021-11-28T18:35:53","modified_gmt":"2021-11-28T15:35:53","slug":"home-1","status":"publish","type":"page","link":"https:\/\/www.pestlife.com.tr\/","title":{"rendered":"Anasayfa"},"content":{"rendered":"<p>[vc_row full_width=&#8221;stretch_row&#8221; css=&#8221;.vc_custom_1487614212917{background-color: #ebebeb !important;}&#8221;][vc_column css=&#8221;.vc_custom_1487614153957{padding: 0px !important;}&#8221;][rev_slider_vc alias=&#8221;home-slider-1&#8243;][\/vc_column][\/vc_row][vc_row full_width=&#8221;stretch_row&#8221; css=&#8221;.vc_custom_1508068145412{margin-bottom: 0px !important;padding-bottom: 0px !important;background: #ebebeb url(https:\/\/www.pestlife.com.tr\/wp-content\/uploads\/2016\/12\/MG_20482.jpg?id=1598) !important;background-position: center !important;background-repeat: no-repeat !important;background-size: cover !important;}&#8221;][vc_column width=&#8221;2\/3&#8243; css=&#8221;.vc_custom_1484570861634{margin-bottom: 0px !important;padding-top: 10px !important;padding-bottom: 10px !important;}&#8221;][vc_column_text css=&#8221;.vc_custom_1596468094951{margin-bottom: 0px !important;padding-bottom: 0px !important;}&#8221;]<\/p>\n<h4 class=\"text-uppercase\">Pest Life \u0130la\u00e7lama Hemen Aray\u0131n<\/h4>\n<p>[\/vc_column_text][\/vc_column][vc_column width=&#8221;1\/3&#8243; css=&#8221;.vc_custom_1484662136389{margin-top: 0px !important;padding-top: 20px !important;padding-bottom: 20px !important;}&#8221;][vc_btn title=&#8221;Hemen Ara&#8221; style=&#8221;flat&#8221; color=&#8221;juicy-pink&#8221; size=&#8221;sm&#8221; align=&#8221;center&#8221; i_icon_fontawesome=&#8221;fa fa-share&#8221; add_icon=&#8221;true&#8221; link=&#8221;url:https%3A%2F%2Fapi.whatsapp.com%2Fsend%3Fphone%3D905418412396%26text%3DMerhaba%250APest%20Life%20%C4%B0la%C3%A7lama&#8217;ya%20Ho%C5%9Fgeldiniz.%250ASize%20nas%C4%B1l%20yard%C4%B1mc%C4%B1%20olabiliriz%3F|title:Hemen%20Aray%C4%B1n%20Pest%20Life%20%C4%B0la%C3%A7lama%20Dan%C4%B1%C5%9Fma%20Hatt%C4%B1|target:%20_blank|&#8221; el_class=&#8221;text-uppercase&#8221; css=&#8221;.vc_custom_1638113893331{margin-top: 0px !important;margin-bottom: 0px !important;padding-top: 0px !important;padding-bottom: 0px !important;}&#8221;][\/vc_column][\/vc_row][vc_row][vc_column][vc_custom_heading text=&#8221;B\u00f6cek Ha\u015fere Fare \u0130la\u00e7lama Hizmetlerimiz&#8221; font_container=&#8221;tag:h2|text_align:center&#8221; use_theme_fonts=&#8221;yes&#8221; el_class=&#8221;text-uppercase&#8221; css=&#8221;.vc_custom_1637348136651{margin-bottom: 50px !important;}&#8221;][\/vc_column][\/vc_row][vc_row full_width=&#8221;stretch_row&#8221;][vc_column width=&#8221;1\/3&#8243;][brtm_info_box template=&#8221;partials\/templates\/info-box&#8221; icon_font=&#8221;themify&#8221; icon_themify=&#8221;ti-control-shuffle&#8221; icon_size=&#8221;lg&#8221; icon_position=&#8221;left&#8221; title=&#8221;\u0130la\u00e7lama Hizmetleri&#8221; icon_color=&#8221;#00d311&#8243; css=&#8221;.vc_custom_1596471246357{margin-right: 20px !important;margin-bottom: 30px !important;}&#8221;]\u0130nsan ve \u00e7evre sa\u011fl\u0131\u011f\u0131na olumsuz etkileri en az olanlar\u0131n\u0131n uygulanmas\u0131na y\u00f6nelik \u00e7al\u0131\u015fmalar\u0131m\u0131z.[\/brtm_info_box][\/vc_column][vc_column width=&#8221;1\/3&#8243;][brtm_info_box template=&#8221;partials\/templates\/info-box&#8221; icon_font=&#8221;themify&#8221; icon_themify=&#8221;ti-star&#8221; icon_size=&#8221;lg&#8221; icon_position=&#8221;left&#8221; title=&#8221;Genel Dezenfeksiyon&#8221; icon_color=&#8221;#00d311&#8243; css=&#8221;.vc_custom_1596471255452{margin-right: 20px !important;margin-bottom: 30px !important;}&#8221;]Dezenfeksiyon, Dezensektizasyon, Deratizasyon halk sa\u011fl\u0131\u011f\u0131 riski olu\u015fturan zararl\u0131lara kar\u015f\u0131 biyosidal \u00fcr\u00fcn kullanarak m\u00fccadele i\u015flemleri yapmaktay\u0131z.[\/brtm_info_box][\/vc_column][vc_column width=&#8221;1\/3&#8243;][brtm_info_box template=&#8221;partials\/templates\/info-box&#8221; icon_font=&#8221;themify&#8221; icon_themify=&#8221;ti-reload&#8221; icon_size=&#8221;lg&#8221; icon_position=&#8221;left&#8221; title=&#8221;Mikroptan Ar\u0131nd\u0131rma&#8221; icon_color=&#8221;#00d311&#8243; css=&#8221;.vc_custom_1596471264862{margin-right: 20px !important;margin-bottom: 30px !important;}&#8221;]Bula\u015f\u0131c\u0131 hastal\u0131klar\u0131n \u00fclkemize girmesini veya yay\u0131lmas\u0131n\u0131 \u00f6nlemek amac\u0131yla uygulanan tedbirlerin t\u00fcm\u00fcn\u00fc sa\u011flamaktay\u0131z.[\/brtm_info_box][\/vc_column][\/vc_row][vc_row full_width=&#8221;stretch_row&#8221; css=&#8221;.vc_custom_1484571492632{margin-bottom: 60px !important;}&#8221;][vc_column width=&#8221;1\/3&#8243;][brtm_info_box template=&#8221;partials\/templates\/info-box&#8221; icon_font=&#8221;themify&#8221; icon_themify=&#8221;ti-check-box&#8221; icon_size=&#8221;lg&#8221; icon_position=&#8221;left&#8221; title=&#8221;Ha\u015fere ve Kemirgenler&#8221; icon_color=&#8221;#00d311&#8243; css=&#8221;.vc_custom_1596479741802{margin-right: 20px !important;margin-bottom: 30px !important;}&#8221;]\u0130nsanlara do\u011frudan hastal\u0131k nakleden veya bu hastal\u0131klar\u0131 ta\u015f\u0131yan vekt\u00f6r b\u00f6cekleri \u00fczerinde bar\u0131nd\u0131ran Ha\u015fere ve Kemirgenleri durduruyoruz.[\/brtm_info_box][\/vc_column][vc_column width=&#8221;1\/3&#8243;][brtm_info_box template=&#8221;partials\/templates\/info-box&#8221; icon_font=&#8221;themify&#8221; icon_themify=&#8221;ti-package&#8221; icon_size=&#8221;lg&#8221; icon_position=&#8221;left&#8221; title=&#8221;Hijyen ve Ekipman&#8221; icon_color=&#8221;#00d311&#8243; css=&#8221;.vc_custom_1596471374888{margin-right: 20px !important;margin-bottom: 30px !important;}&#8221;]Hijyenik Paspas, Elektro Frog Sinek Tutucu Cihaz, Bone, Galo\u015f, Kolluk, Eldiven, Maske, Ask\u0131l\u0131 \u00d6nl\u00fck ekipman temini ve uygulama.[\/brtm_info_box][\/vc_column][vc_column width=&#8221;1\/3&#8243;][brtm_info_box template=&#8221;partials\/templates\/info-box&#8221; icon_font=&#8221;themify&#8221; icon_themify=&#8221;ti-thought&#8221; icon_size=&#8221;lg&#8221; icon_position=&#8221;left&#8221; title=&#8221;\u00c7evre Sa\u011fl\u0131\u011f\u0131 D\u00fczenleme&#8221; icon_color=&#8221;#00d311&#8243; css=&#8221;.vc_custom_1596471294269{margin-right: 20px !important;}&#8221;]Profesyonel ve Tecr\u00fcbeli ekibimiz ile hedef d\u0131\u015f\u0131 organizmalara zarar vermeden , \u00e7evre sa\u011fl\u0131\u011f\u0131 ve insan sa\u011fl\u0131\u011f\u0131n\u0131 dikkate alarak hizmet sunmaktay\u0131z.[\/brtm_info_box][\/vc_column][\/vc_row][vc_section full_width=&#8221;stretch_row&#8221; css=&#8221;.vc_custom_1508068206395{padding-top: 0px !important;padding-bottom: 0px !important;background-image: url(https:\/\/www.pestlife.com.tr\/wp-content\/uploads\/2016\/12\/IMG_25381.jpg?id=1601) !important;background-position: center !important;background-repeat: no-repeat !important;background-size: cover !important;}&#8221;][vc_row css=&#8221;.vc_custom_1484762000518{margin-bottom: 0px !important;padding-bottom: 0px !important;background-position: center !important;background-repeat: no-repeat !important;background-size: cover !important;}&#8221;][vc_column][vc_custom_heading text=&#8221;Uygulamalar\u0131m\u0131z&#8221; font_container=&#8221;tag:h2|text_align:center&#8221; use_theme_fonts=&#8221;yes&#8221; el_class=&#8221;text-uppercase&#8221; css=&#8221;.vc_custom_1596471431400{margin-bottom: 35px !important;}&#8221;][\/vc_column][\/vc_row][vc_row css=&#8221;.vc_custom_1484762006509{margin-bottom: 25px !important;}&#8221;][vc_column css=&#8221;.vc_custom_1484718003349{padding-top: 0px !important;}&#8221;][brtm_post_grid item_template=&#8221;partials\/templates\/post-teaser3&#8243; loop=&#8221;size:6|post_type:service&#8221; read_more_link_text=&#8221;Devam\u0131&#8221; el_class=&#8221;no-border&#8221;][\/vc_column][\/vc_row][vc_row css=&#8221;.vc_custom_1484762011182{margin-top: 0px !important;margin-bottom: 40px !important;padding-top: 0px !important;}&#8221;][vc_column css=&#8221;.vc_custom_1484572955388{margin-top: 0px !important;padding-top: 0px !important;}&#8221;][vc_btn title=&#8221;Di\u011fer Hizmetlerimiz&#8221; style=&#8221;flat&#8221; color=&#8221;green&#8221; size=&#8221;sm&#8221; align=&#8221;center&#8221; link=&#8221;url:http%3A%2F%2Fwww.pestlife.com.tr%2Fhizmetlerimiz%2F|title:Hizmetlerimiz||&#8221; el_class=&#8221;text-uppercase&#8221; css=&#8221;.vc_custom_1596475789491{margin-top: 0px !important;padding-top: 0px !important;}&#8221;][\/vc_column][\/vc_row][\/vc_section][vc_section full_width=&#8221;stretch_row&#8221; css=&#8221;.vc_custom_1489102618617{padding-bottom: 20px !important;background-color: #f5f5f5 !important;background-position: center !important;background-repeat: no-repeat !important;background-size: cover !important;}&#8221;][vc_row][vc_column][vc_custom_heading text=&#8221;Neden Biz ?&#8221; font_container=&#8221;tag:h2|text_align:center&#8221; use_theme_fonts=&#8221;yes&#8221; el_class=&#8221;text-uppercase&#8221; css=&#8221;.vc_custom_1596479784888{margin-bottom: 50px !important;}&#8221;][\/vc_column][\/vc_row][vc_row equal_height=&#8221;yes&#8221;][vc_column width=&#8221;1\/2&#8243; css=&#8221;.vc_custom_1596480144658{padding-top: 0px !important;padding-right: 0px !important;padding-bottom: 0px !important;padding-left: 0px !important;background-image: url(https:\/\/www.pestlife.com.tr\/wp-content\/uploads\/2020\/08\/1-1.jpg?id=1916) !important;background-position: center !important;background-repeat: no-repeat !important;background-size: cover !important;}&#8221; offset=&#8221;vc_hidden-xs&#8221;][\/vc_column][vc_column width=&#8221;1\/2&#8243;][brtm_info_box template=&#8221;partials\/templates\/info-box&#8221; icon_font=&#8221;themify&#8221; icon_themify=&#8221;ti-stamp&#8221; icon_size=&#8221;xl&#8221; icon_position=&#8221;left&#8221; title=&#8221;Kalite &amp; Garanti&#8221; icon_color=&#8221;#003366&#8243; el_class=&#8221;pb-1 sm-pt-3 sm-pl-3 sm-pb-3&#8243;]Teknolojinin b\u00fcy\u00fck \u00f6nem kazand\u0131\u011f\u0131 \u00e7a\u011f\u0131m\u0131zda sahip oldu\u011fumuz y\u00fcksek niteliklerle m\u00fc\u015fterilerimize sekt\u00f6r\u00fcn en g\u00fcvenilir, en kaliteli ve en verimli hizmetlerini sunuyoruz. Kamu kurum ve kurulu\u015flar\u0131na \u00e7evre sa\u011fl\u0131\u011f\u0131 alan\u0131nda hizmet verdi\u011fimiz ila\u00e7lama konusunda da alan\u0131nda kendini kan\u0131tlam\u0131\u015f uzman ekimizle her an yan\u0131 ba\u015f\u0131n\u0131zday\u0131z.[\/brtm_info_box][\/vc_column][\/vc_row][vc_row equal_height=&#8221;yes&#8221;][vc_column width=&#8221;1\/2&#8243;][brtm_info_box template=&#8221;partials\/templates\/info-box&#8221; icon_font=&#8221;themify&#8221; icon_themify=&#8221;ti-write&#8221; icon_size=&#8221;xl&#8221; icon_position=&#8221;left&#8221; title=&#8221;Sadece \u0130\u015fimizi Yap\u0131yoruz&#8221; icon_color=&#8221;#003366&#8243; el_class=&#8221;pb-1 sm-pt-3 sm-pr-3 sm-pb-3&#8243;]\u00c7evre ve sa\u011fl\u0131\u011f\u0131 hemen her alanda ihtiya\u00e7tan \u00f6te sorumluluk haline geldi\u011fi \u00e7a\u011f\u0131m\u0131zda, zaman\u0131n gerisinde kalmak yerine \u00f6tesine ge\u00e7mek isteyen t\u00fcm kurumlara hizmet veren \u015firketimiz edindi\u011fi deneyim ve m\u00fc\u015fteri odakl\u0131 \u00e7al\u0131\u015fmalar\u0131yla sekt\u00f6r\u00fcnde \u00f6nc\u00fc konuma gelmi\u015ftir.[\/brtm_info_box][\/vc_column][vc_column width=&#8221;1\/2&#8243; css=&#8221;.vc_custom_1596480278940{padding-top: 0px !important;padding-right: 0px !important;padding-bottom: 0px !important;padding-left: 0px !important;background-image: url(https:\/\/www.pestlife.com.tr\/wp-content\/uploads\/2020\/08\/15-1.jpg?id=1843) !important;background-position: center !important;background-repeat: no-repeat !important;background-size: cover !important;}&#8221; offset=&#8221;vc_hidden-xs&#8221;][\/vc_column][\/vc_row][vc_row equal_height=&#8221;yes&#8221; css=&#8221;.vc_custom_1484573728610{margin-bottom: 40px !important;}&#8221;][vc_column width=&#8221;1\/2&#8243; css=&#8221;.vc_custom_1637348010707{background-image: url(https:\/\/www.pestlife.com.tr\/wp-content\/uploads\/2021\/11\/AdobeStock_405741641.0.jpg?id=1995) !important;background-position: center !important;background-repeat: no-repeat !important;background-size: cover !important;}&#8221; offset=&#8221;vc_hidden-xs&#8221;][\/vc_column][vc_column width=&#8221;1\/2&#8243;][brtm_info_box template=&#8221;partials\/templates\/info-box&#8221; icon_font=&#8221;themify&#8221; icon_themify=&#8221;ti-bell&#8221; icon_size=&#8221;xl&#8221; icon_position=&#8221;left&#8221; title=&#8221;Pest Life \u0130la\u00e7lama Dan\u0131\u015fma ve Servis&#8221; icon_color=&#8221;#003366&#8243; el_class=&#8221;mb-0 pb-0 sm-pt-3 sm-pl-3 sm-pb-3&#8243;]Pest Life \u0130la\u00e7lama olarak m\u00fc\u015fterilerimize ha\u015fere ila\u00e7lama, dezenfeksiyon ,\u00e7evre sa\u011fl\u0131\u011f\u0131 dan\u0131\u015fmanl\u0131\u011f\u0131, sistem geli\u015ftirme hizmetleri sunuyoruz. Teknolojiyi daha iyi sonu\u00e7lar elde etmek i\u00e7in kullanan m\u00fc\u015fterilerimize, \u00e7\u00f6z\u00fcmler geli\u015ftirmekte ve uygulamaktay\u0131z.[\/brtm_info_box][\/vc_column][\/vc_row][\/vc_section][vc_row full_width=&#8221;stretch_row&#8221; equal_height=&#8221;yes&#8221; css=&#8221;.vc_custom_1508068278143{background-image: url(https:\/\/www.pestlife.com.tr\/wp-content\/uploads\/2016\/12\/privacy-policy-4-2.jpg?id=1602) !important;background-position: center !important;background-repeat: no-repeat !important;background-size: cover !important;}&#8221;][vc_column width=&#8221;1\/2&#8243;][brtm_info_box template=&#8221;partials\/templates\/info-box&#8221; icon_font=&#8221;themify&#8221; icon_themify=&#8221;ti-mobile&#8221; icon_size=&#8221;xl&#8221; icon_position=&#8221;left&#8221; title=&#8221;B\u00f6cek Ha\u015fere \u0130la\u00e7lama Hemen Aray\u0131n&#8221; icon_color=&#8221;#55d34a&#8221; css=&#8221;.vc_custom_1637345829930{padding-top: 15px !important;padding-bottom: 45px !important;}&#8221;]M\u00fc\u015fterilerimizin entegre, kullan\u0131m\u0131 kolay, \u00e7a\u011f\u0131n gereklerine uygun \u00e7\u00f6z\u00fcmler bekledi\u011fini biliyor\u00a0 ve bu beklentiye b\u00fcy\u00fck de\u011fer vererek \u00e7al\u0131\u015fmalar\u0131m\u0131za devam ediyoruz.<br \/>\n<img loading=\"lazy\" class=\"wp-image-1951 alignleft\" src=\"https:\/\/www.pestlife.com.tr\/wp-content\/uploads\/2020\/08\/telefon-icon-3-300x300.png\" alt=\"\" width=\"18\" height=\"18\" srcset=\"https:\/\/www.pestlife.com.tr\/wp-content\/uploads\/2020\/08\/telefon-icon-3-300x300.png 300w, https:\/\/www.pestlife.com.tr\/wp-content\/uploads\/2020\/08\/telefon-icon-3-150x150.png 150w, https:\/\/www.pestlife.com.tr\/wp-content\/uploads\/2020\/08\/telefon-icon-3-360x360.png 360w, https:\/\/www.pestlife.com.tr\/wp-content\/uploads\/2020\/08\/telefon-icon-3-45x45.png 45w, https:\/\/www.pestlife.com.tr\/wp-content\/uploads\/2020\/08\/telefon-icon-3-100x100.png 100w, https:\/\/www.pestlife.com.tr\/wp-content\/uploads\/2020\/08\/telefon-icon-3.png 512w\" sizes=\"(max-width: 18px) 100vw, 18px\" \/>0541 841 2396\u00a0 \u00a0 \u00a0www.pestlife.com.tr<\/p>\n<p><img loading=\"lazy\" class=\"wp-image-1951 alignleft\" src=\"https:\/\/www.pestlife.com.tr\/wp-content\/uploads\/2020\/08\/telefon-icon-3-300x300.png\" alt=\"\" width=\"18\" height=\"18\" srcset=\"https:\/\/www.pestlife.com.tr\/wp-content\/uploads\/2020\/08\/telefon-icon-3-300x300.png 300w, https:\/\/www.pestlife.com.tr\/wp-content\/uploads\/2020\/08\/telefon-icon-3-150x150.png 150w, https:\/\/www.pestlife.com.tr\/wp-content\/uploads\/2020\/08\/telefon-icon-3-360x360.png 360w, https:\/\/www.pestlife.com.tr\/wp-content\/uploads\/2020\/08\/telefon-icon-3-45x45.png 45w, https:\/\/www.pestlife.com.tr\/wp-content\/uploads\/2020\/08\/telefon-icon-3-100x100.png 100w, https:\/\/www.pestlife.com.tr\/wp-content\/uploads\/2020\/08\/telefon-icon-3.png 512w\" sizes=\"(max-width: 18px) 100vw, 18px\" \/><\/p>\n<p>0312 397 9006\u00a0 \u00a0 info@pestlife.com.tr[\/brtm_info_box][\/vc_column][vc_column width=&#8221;1\/2&#8243; offset=&#8221;vc_hidden-xs&#8221;][\/vc_column][\/vc_row][vc_row full_width=&#8221;stretch_row&#8221; css=&#8221;.vc_custom_1508068305133{padding-top: 30px !important;padding-bottom: 60px !important;background-image: url(https:\/\/www.pestlife.com.tr\/wp-content\/uploads\/2016\/12\/abstract-1883509_1920-1.jpg?id=1599) !important;background-position: center !important;background-repeat: no-repeat !important;background-size: cover !important;}&#8221;][vc_column][brtm_testimonials title=&#8221;M\u00fc\u015fteriler\/ Referanslar&#8221; count=&#8221;3&#8243; interval=&#8221;3&#8243;][\/vc_column][\/vc_row][vc_section][\/vc_section][vc_section full_width=&#8221;stretch_row&#8221; css=&#8221;.vc_custom_1508068337715{padding-bottom: 50px !important;background-image: url(https:\/\/www.pestlife.com.tr\/wp-content\/uploads\/2016\/12\/MG_20482.jpg?id=1598) !important;background-position: center !important;background-repeat: no-repeat !important;background-size: cover !important;}&#8221;][vc_row css=&#8221;.vc_custom_1484655736383{margin-bottom: 20px !important;}&#8221;][vc_column][vc_custom_heading text=&#8221;\u00c7al\u0131\u015fma Sertifikalar\u0131m\u0131z&#8221; font_container=&#8221;tag:h2|text_align:center&#8221; use_theme_fonts=&#8221;yes&#8221; el_class=&#8221;text-uppercase&#8221;][\/vc_column][\/vc_row][vc_row equal_height=&#8221;yes&#8221; css=&#8221;.vc_custom_1484842268789{margin-top: 0px !important;padding-top: 0px !important;background-position: center !important;background-repeat: no-repeat !important;background-size: cover !important;}&#8221;][vc_column width=&#8221;1\/2&#8243; css=&#8221;.vc_custom_1484655777605{margin-top: 0px !important;padding-top: 0px !important;padding-right: 25px !important;}&#8221;][vc_column_text css=&#8221;.vc_custom_1637343107509{margin-top: 0px !important;margin-left: 0px !important;padding-top: 0px !important;padding-left: 0px !important;}&#8221;]<\/p>\n<h3>Sa\u011fl\u0131k Bakanl\u0131\u011f\u0131<\/h3>\n<p>T\u00fcm i\u015flerimiz Sa\u011fl\u0131k Bakanl\u0131\u011f\u0131 y\u00f6netmelik \u00a0ve y\u00f6nergeleri do\u011frultusunda \u00a0yap\u0131lmaktad\u0131r. Pest Life \u0130la\u00e7lama i\u015f form\u00fcl\u00fc yal\u0131nd\u0131r; M\u00fc\u015fterimizin i\u015fini en az kendi i\u015fimiz kadar iyi tan\u0131mak. \u00a0Esnek yap\u0131m\u0131z, teknolojiyi m\u00fc\u015fteri ihtiya\u00e7lar\u0131na uygun \u015fekilde uyarlayabilmemize ve \u015fekillendirebilmemize olanak sa\u011flamaktad\u0131r. M\u00fc\u015fteri bizim i\u00e7in her \u015feydir. Her t\u00fcrl\u00fc i\u015fimizde m\u00fc\u015fteri ve ihtiya\u00e7lar\u0131 bizim odak noktam\u0131zd\u0131r. M\u00fc\u015fteri ihtiyac\u0131n\u0131 ve sorunlar\u0131n\u0131 tespit eder, buna uygun \u00e7\u00f6z\u00fcm\u00fc \u00fcretir, gerekli olan en iyi uygulamalar ile kesin sonuca ula\u015farak m\u00fc\u015fteri memnuniyetine en \u00fcst seviyeye ta\u015f\u0131yoruz.<\/p>\n<h3>D\u00fcnya Sa\u011fl\u0131k \u00d6rg\u00fct\u00fc<\/h3>\n<p>T\u00fcm bunlar\u0131 alan\u0131n\u0131n en iyi \u00fcniversitelerinden mezun olmu\u015f\u00a0 elemanlardan olu\u015fan ekibimizle, bilgiyle, i\u015fimize olan tutkuyla ve en \u00f6nemlisi m\u00fc\u015fterilerimize verdi\u011fimiz y\u00fcksek de\u011ferle yap\u0131yoruz.\u00a0Alan\u0131nda ISO, HACCP, TSE, BRC, IFS kalite y\u00f6netim sistemlerine uygunluk belgeleri ile g\u00fcncel ve etik \u00e7al\u0131\u015f\u0131yoruz.[\/vc_column_text][\/vc_column][vc_column width=&#8221;1\/2&#8243; css=&#8221;.vc_custom_1484479534196{margin-top: 0px !important;padding-top: 0px !important;background-position: center !important;background-repeat: no-repeat !important;background-size: cover !important;}&#8221;][vc_row_inner][vc_column_inner width=&#8221;1\/4&#8243; offset=&#8221;vc_col-md-3 vc_col-xs-3&#8243;][vc_single_image image=&#8221;479&#8243; alignment=&#8221;center&#8221; css=&#8221;.vc_custom_1484835679984{margin-bottom: 0px !important;}&#8221;][vc_single_image image=&#8221;483&#8243; alignment=&#8221;center&#8221; css=&#8221;.vc_custom_1484835770564{margin-bottom: 0px !important;}&#8221;][vc_single_image image=&#8221;478&#8243; alignment=&#8221;center&#8221; css=&#8221;.vc_custom_1484836644155{margin-bottom: 0px !important;}&#8221;][vc_single_image image=&#8221;480&#8243; alignment=&#8221;center&#8221; css=&#8221;.vc_custom_1484836691704{margin-bottom: 0px !important;}&#8221;][\/vc_column_inner][vc_column_inner width=&#8221;1\/4&#8243; offset=&#8221;vc_col-md-3 vc_col-xs-3&#8243;][vc_single_image image=&#8221;482&#8243; alignment=&#8221;center&#8221; css=&#8221;.vc_custom_1484835697657{margin-bottom: 0px !important;}&#8221;][vc_single_image image=&#8221;485&#8243; alignment=&#8221;center&#8221; css=&#8221;.vc_custom_1484835783270{margin-bottom: 0px !important;}&#8221;][vc_single_image image=&#8221;484&#8243; alignment=&#8221;center&#8221; css=&#8221;.vc_custom_1484836655283{margin-bottom: 0px !important;}&#8221;][vc_single_image image=&#8221;481&#8243; alignment=&#8221;center&#8221; css=&#8221;.vc_custom_1484836706416{margin-bottom: 0px !important;}&#8221;][\/vc_column_inner][vc_column_inner width=&#8221;1\/4&#8243; offset=&#8221;vc_col-md-3 vc_col-xs-3&#8243;][vc_single_image image=&#8221;472&#8243; alignment=&#8221;center&#8221; css=&#8221;.vc_custom_1484836159864{margin-bottom: 0px !important;}&#8221;][vc_single_image image=&#8221;474&#8243; alignment=&#8221;center&#8221; css=&#8221;.vc_custom_1484836619349{margin-bottom: 0px !important;}&#8221;][vc_single_image image=&#8221;473&#8243; alignment=&#8221;center&#8221; css=&#8221;.vc_custom_1484836665798{margin-bottom: 0px !important;}&#8221;][vc_single_image image=&#8221;475&#8243; alignment=&#8221;center&#8221; css=&#8221;.vc_custom_1484836716771{margin-bottom: 0px !important;}&#8221;][\/vc_column_inner][vc_column_inner width=&#8221;1\/4&#8243; offset=&#8221;vc_col-md-3 vc_col-xs-3&#8243;][vc_single_image image=&#8221;476&#8243; alignment=&#8221;center&#8221; css=&#8221;.vc_custom_1484836601431{margin-bottom: 0px !important;}&#8221;][vc_single_image image=&#8221;477&#8243; alignment=&#8221;center&#8221; css=&#8221;.vc_custom_1484836629763{margin-bottom: 0px !important;}&#8221;][vc_single_image image=&#8221;470&#8243; alignment=&#8221;center&#8221; css=&#8221;.vc_custom_1484836676120{margin-bottom: 0px !important;}&#8221;][vc_single_image image=&#8221;471&#8243; alignment=&#8221;center&#8221; css=&#8221;.vc_custom_1484836729758{margin-bottom: 0px !important;}&#8221;][\/vc_column_inner][\/vc_row_inner][\/vc_column][\/vc_row][\/vc_section][vc_row full_width=&#8221;stretch_row&#8221; content_placement=&#8221;middle&#8221; css=&#8221;.vc_custom_1508068370158{padding-top: 30px !important;padding-bottom: 30px !important;background: #6699cc url(https:\/\/www.pestlife.com.tr\/wp-content\/uploads\/2016\/12\/call_to_action-bg-01-1-2.jpg?id=1575) !important;background-position: center !important;background-repeat: no-repeat !important;background-size: cover !important;}&#8221;][vc_column width=&#8221;5\/12&#8243; css=&#8221;.vc_custom_1484745144988{padding-top: 0px !important;}&#8221;][vc_column_text el_class=&#8221;mb-1 sm-mb-0&#8243;]<\/p>\n<h4 class=\"text-uppercase text-white\" style=\"margin: 0;\">Pest Life dan\u0131\u015fma ile bilgi edinin<\/h4>\n<p>[\/vc_column_text][\/vc_column][vc_column width=&#8221;1\/6&#8243; css=&#8221;.vc_custom_1484745161921{padding-top: 0px !important;}&#8221;][vc_btn title=&#8221;Hemen Aray\u0131n&#8221; style=&#8221;outline&#8221; color=&#8221;white&#8221; size=&#8221;sm&#8221; align=&#8221;center&#8221; i_icon_fontawesome=&#8221;fa fa-whatsapp&#8221; add_icon=&#8221;true&#8221; link=&#8221;url:https%3A%2F%2Fapi.whatsapp.com%2Fsend%3Fphone%3D905418412396%26text%3DMerhaba%250APest%20Life%20%C4%B0la%C3%A7lama&#8217;ya%20Ho%C5%9Fgeldiniz.%250ASize%20nas%C4%B1l%20yard%C4%B1mc%C4%B1%20olabiliriz%3F|title:Pest%20Life%20%C4%B0la%C3%A7lama%20%C4%B0leti%C5%9Fim%20Hatt%C4%B1|target:%20_blank|&#8221; el_class=&#8221;text-uppercase&#8221; css=&#8221;.vc_custom_1638113923090{margin-bottom: 0px !important;}&#8221;][\/vc_column][\/vc_row]<\/p>\n","protected":false},"excerpt":{"rendered":"<p>[vc_row full_width=&#8221;stretch_row&#8221; css=&#8221;.vc_custom_1487614212917{background-color: #ebebeb !important;}&#8221;][vc_column css=&#8221;.vc_custom_1487614153957{padding: 0px !important;}&#8221;][rev_slider_vc alias=&#8221;home-slider-1&#8243;][\/vc_column][\/vc_row][vc_row full_width=&#8221;stretch_row&#8221; css=&#8221;.vc_custom_1508068145412{margin-bottom: 0px !important;padding-bottom: 0px !important;background: #ebebeb url(https:\/\/www.pestlife.com.tr\/wp-content\/uploads\/2016\/12\/MG_20482.jpg?id=1598) !important;background-position: center !important;background-repeat: no-repeat !important;background-size: cover !important;}&#8221;][vc_column width=&#8221;2\/3&#8243; css=&#8221;.vc_custom_1484570861634{margin-bottom: 0px !important;padding-top: 10px !important;padding-bottom: 10px !important;}&#8221;][vc_column_text css=&#8221;.vc_custom_1596468094951{margin-bottom: 0px !important;padding-bottom: 0px !important;}&#8221;] Pest Life \u0130la\u00e7lama Hemen Aray\u0131n [\/vc_column_text][\/vc_column][vc_column width=&#8221;1\/3&#8243; css=&#8221;.vc_custom_1484662136389{margin-top: 0px !important;padding-top: 20px !important;padding-bottom: 20px !important;}&#8221;][vc_btn title=&#8221;Hemen Ara&#8221; style=&#8221;flat&#8221; color=&#8221;juicy-pink&#8221; [&hellip;]<\/p>\n","protected":false},"author":1,"featured_media":0,"parent":0,"menu_order":0,"comment_status":"closed","ping_status":"closed","template":"","meta":{"spay_email":""},"_links":{"self":[{"href":"https:\/\/www.pestlife.com.tr\/index.php?rest_route=\/wp\/v2\/pages\/15"}],"collection":[{"href":"https:\/\/www.pestlife.com.tr\/index.php?rest_route=\/wp\/v2\/pages"}],"about":[{"href":"https:\/\/www.pestlife.com.tr\/index.php?rest_route=\/wp\/v2\/types\/page"}],"author":[{"embeddable":true,"href":"https:\/\/www.pestlife.com.tr\/index.php?rest_route=\/wp\/v2\/users\/1"}],"replies":[{"embeddable":true,"href":"https:\/\/www.pestlife.com.tr\/index.php?rest_route=%2Fwp%2Fv2%2Fcomments&post=15"}],"version-history":[{"count":37,"href":"https:\/\/www.pestlife.com.tr\/index.php?rest_route=\/wp\/v2\/pages\/15\/revisions"}],"predecessor-version":[{"id":2005,"href":"https:\/\/www.pestlife.com.tr\/index.php?rest_route=\/wp\/v2\/pages\/15\/revisions\/2005"}],"wp:attachment":[{"href":"https:\/\/www.pestlife.com.tr\/index.php?rest_route=%2Fwp%2Fv2%2Fmedia&parent=15"}],"curies":[{"name":"wp","href":"https:\/\/api.w.org\/{rel}","templated":true}]}}