{"id":162,"date":"2016-12-03T17:38:25","date_gmt":"2016-12-03T17:38:25","guid":{"rendered":"https:\/\/demo.brothersthemes.com\/phone-repair\/?page_id=162"},"modified":"2021-11-19T21:31:34","modified_gmt":"2021-11-19T18:31:34","slug":"hakkimizda","status":"publish","type":"page","link":"https:\/\/www.pestlife.com.tr\/?page_id=162","title":{"rendered":"Hakk\u0131m\u0131zda"},"content":{"rendered":"<p>[vc_row full_width=&#8221;stretch_row&#8221;][vc_column][vc_custom_heading text=&#8221;\u00c7evre ve Sa\u011fl\u0131\u011f\u0131(m\u0131z)&#8221; use_theme_fonts=&#8221;yes&#8221; el_class=&#8221;text-uppercase&#8221; css=&#8221;.vc_custom_1596486222869{margin-bottom: 45px !important;}&#8221;][vc_column_text]\u00c7evre ve sa\u011fl\u0131\u011f\u0131 hemen her alanda ihtiya\u00e7tan \u00f6te sorumluluk haline geldi\u011fi \u00e7a\u011f\u0131m\u0131zda, zaman\u0131n gerisinde kalmak yerine \u00f6tesine ge\u00e7mek isteyen t\u00fcm kurumlara hizmet veren \u015firketimiz edindi\u011fi deneyim ve m\u00fc\u015fteri odakl\u0131 \u00e7al\u0131\u015fmalar\u0131yla sekt\u00f6r\u00fcnde \u00f6nc\u00fc konuma gelmi\u015ftir. Teknolojinin b\u00fcy\u00fck \u00f6nem kazand\u0131\u011f\u0131 \u00e7a\u011f\u0131m\u0131zda sahip oldu\u011fumuz y\u00fcksek niteliklerle m\u00fc\u015fterilerimize sekt\u00f6r\u00fcn en g\u00fcvenilir, en kaliteli ve en verimli hizmetlerini sunuyoruz. Kamu kurum ve kurulu\u015flar\u0131na \u00e7evre sa\u011fl\u0131\u011f\u0131 alan\u0131nda hizmet verdi\u011fimiz ila\u00e7lama konusunda da alan\u0131nda kendini kan\u0131tlam\u0131\u015f uzman ekimizle her an yan\u0131 ba\u015f\u0131n\u0131zday\u0131z.<\/p>\n<p>Pest Life B\u00f6cek \u0130la\u00e7lama olarak m\u00fc\u015fterilerimize ha\u015fere ila\u00e7lama, dezenfeksiyon ,\u00e7evre sa\u011fl\u0131\u011f\u0131 \u00a0dan\u0131\u015fmanl\u0131\u011f\u0131, sistem geli\u015ftirme hizmetleri sunuyoruz. Teknolojiyi daha iyi sonu\u00e7lar elde etmek i\u00e7in kullanan m\u00fc\u015fterilerimize, \u00e7\u00f6z\u00fcmler geli\u015ftirmekte ve uygulamaktay\u0131z.<\/p>\n<p>M\u00fc\u015fterilerimizin entegre, kullan\u0131m\u0131 kolay, \u00e7a\u011f\u0131n gereklerine uygun \u00e7\u00f6z\u00fcmler bekledi\u011fini biliyor\u00a0 ve bu beklentiye b\u00fcy\u00fck de\u011fer vererek \u00e7al\u0131\u015fmalar\u0131m\u0131za devam ediyoruz. \u00c7\u00f6z\u00fcmlerimiz ile m\u00fc\u015fterilerimizin i\u015f s\u00fcrd\u00fcr\u00fclebilirliklerini sa\u011fl\u0131yor ve performanslar\u0131n\u0131 artt\u0131r\u0131yoruz.<\/p>\n<p>Pest Life B\u00f6cek \u0130la\u00e7lama i\u015f form\u00fcl\u00fc yal\u0131nd\u0131r; M\u00fc\u015fterimizin i\u015fini en az kendi i\u015fimiz kadar iyi tan\u0131mak. \u00a0Esnek yap\u0131m\u0131z, teknolojiyi m\u00fc\u015fteri ihtiya\u00e7lar\u0131na uygun \u015fekilde uyarlayabilmemize ve \u015fekillendirebilmemize olanak sa\u011flamaktad\u0131r. M\u00fc\u015fteri bizim i\u00e7in her \u015feydir. Her t\u00fcrl\u00fc i\u015fimizde m\u00fc\u015fteri ve ihtiya\u00e7lar\u0131 bizim odak noktam\u0131zd\u0131r. M\u00fc\u015fteri ihtiyac\u0131n\u0131 ve sorunlar\u0131n\u0131 tespit eder, buna uygun \u00e7\u00f6z\u00fcm\u00fc \u00fcretir, gerekli olan en iyi uygulamalar ile kesin sonuca ula\u015farak m\u00fc\u015fteri memnuniyetine en \u00fcst seviyeye ta\u015f\u0131yoruz.<\/p>\n<p>T\u00fcm bunlar\u0131 alan\u0131n\u0131n en iyi \u00fcniversitelerinden mezun olmu\u015f\u00a0 elemanlardan olu\u015fan ekibimizle, bilgiyle, i\u015fimize olan tutkuyla ve en \u00f6nemlisi m\u00fc\u015fterilerimize verdi\u011fimiz y\u00fcksek de\u011ferle yap\u0131yoruz.[\/vc_column_text][\/vc_column][\/vc_row][vc_row full_width=&#8221;stretch_row&#8221; css=&#8221;.vc_custom_1481212093982{padding-top: 20px !important;padding-bottom: 20px !important;background-color: #f4f4f4 !important;}&#8221;][vc_column offset=&#8221;vc_col-md-6&#8243;][vc_single_image image=&#8221;1830&#8243; img_size=&#8221;large&#8221;][\/vc_column][vc_column el_class=&#8221;pt-0 md-pt-2&#8243; css=&#8221;.vc_custom_1482387180974{padding-top: 0px !important;}&#8221; offset=&#8221;vc_col-md-6&#8243;][vc_column_text]Misyon;<\/p>\n<p>Ko\u015fulsuz M\u00fc\u015fteri Memnuniyeti odakl\u0131 hizmet anlay\u0131\u015f\u0131 ve etik kurallar\u0131 ile Kurumlara ve bireylere; kullan\u0131m kolayl\u0131\u011f\u0131 \u00f6n planda ileri teknoloji alt yap\u0131m\u0131zla, m\u00fc\u015fteri odakl\u0131, yayg\u0131n ve kaliteli hizmet verirken, m\u00fc\u015fteri sadakati ve memnuniyeti, g\u00fcvenlik, kararl\u0131l\u0131k ve hizmet a\u00e7\u0131s\u0131ndan sekt\u00f6re \u00f6nc\u00fcl\u00fck yapmak.<\/p>\n<p>Vizyon;<\/p>\n<p>\u015eirketimizin vizyonu, s\u00fcrekli b\u00fcy\u00fcyen bir m\u00fc\u015fteri portf\u00f6y\u00fc olu\u015fturarak, m\u00fc\u015fterilerimize verdi\u011fimiz g\u00fcvenin s\u00fcreklili\u011fini sa\u011flay\u0131p, kazand\u0131\u011f\u0131m\u0131z\u0131 tamamen i\u015fimizi geli\u015ftirmeye harcayarak ve kalite politikam\u0131zdan hi\u00e7bir ko\u015ful alt\u0131nda vazge\u00e7meden sekt\u00f6re \u00f6nc\u00fcl\u00fck eden teknoloji altyap\u0131s\u0131 ve k\u00fcresel ortaklar\u0131 ile T\u00fcrkiye\u2019nin en b\u00fcy\u00fck \u0130la\u00e7lama \u015firketlerinden biri olmak.[\/vc_column_text][\/vc_column][\/vc_row][vc_row full_width=&#8221;stretch_row&#8221; css=&#8221;.vc_custom_1481207862872{padding-bottom: 25px !important;background-color: #ebebeb !important;}&#8221;][vc_column][vc_custom_heading text=&#8221;Pest Life B\u00f6cek \u0130la\u00e7lama&#8221; use_theme_fonts=&#8221;yes&#8221; el_class=&#8221;text-uppercase&#8221; css=&#8221;.vc_custom_1596486622654{margin-bottom: 45px !important;}&#8221;][vc_media_grid element_width=&#8221;3&#8243; gap=&#8221;0&#8243; grid_id=&#8221;vc_gid:1596486629374-88412fbb-faf5-10&#8243; include=&#8221;1837,1831,1825,1822&#8243;][\/vc_column][\/vc_row][vc_row][vc_column][\/vc_column][\/vc_row]<\/p>\n","protected":false},"excerpt":{"rendered":"<p>[vc_row full_width=&#8221;stretch_row&#8221;][vc_column][vc_custom_heading text=&#8221;\u00c7evre ve Sa\u011fl\u0131\u011f\u0131(m\u0131z)&#8221; use_theme_fonts=&#8221;yes&#8221; el_class=&#8221;text-uppercase&#8221; css=&#8221;.vc_custom_1596486222869{margin-bottom: 45px !important;}&#8221;][vc_column_text]\u00c7evre ve sa\u011fl\u0131\u011f\u0131 hemen her alanda ihtiya\u00e7tan \u00f6te sorumluluk haline geldi\u011fi \u00e7a\u011f\u0131m\u0131zda, zaman\u0131n gerisinde kalmak yerine \u00f6tesine ge\u00e7mek isteyen t\u00fcm kurumlara hizmet veren \u015firketimiz edindi\u011fi deneyim ve m\u00fc\u015fteri odakl\u0131 \u00e7al\u0131\u015fmalar\u0131yla sekt\u00f6r\u00fcnde \u00f6nc\u00fc konuma gelmi\u015ftir. Teknolojinin b\u00fcy\u00fck \u00f6nem kazand\u0131\u011f\u0131 \u00e7a\u011f\u0131m\u0131zda sahip oldu\u011fumuz y\u00fcksek niteliklerle m\u00fc\u015fterilerimize sekt\u00f6r\u00fcn en [&hellip;]<\/p>\n","protected":false},"author":1,"featured_media":0,"parent":0,"menu_order":1,"comment_status":"closed","ping_status":"closed","template":"","meta":{"spay_email":""},"_links":{"self":[{"href":"https:\/\/www.pestlife.com.tr\/index.php?rest_route=\/wp\/v2\/pages\/162"}],"collection":[{"href":"https:\/\/www.pestlife.com.tr\/index.php?rest_route=\/wp\/v2\/pages"}],"about":[{"href":"https:\/\/www.pestlife.com.tr\/index.php?rest_route=\/wp\/v2\/types\/page"}],"author":[{"embeddable":true,"href":"https:\/\/www.pestlife.com.tr\/index.php?rest_route=\/wp\/v2\/users\/1"}],"replies":[{"embeddable":true,"href":"https:\/\/www.pestlife.com.tr\/index.php?rest_route=%2Fwp%2Fv2%2Fcomments&post=162"}],"version-history":[{"count":18,"href":"https:\/\/www.pestlife.com.tr\/index.php?rest_route=\/wp\/v2\/pages\/162\/revisions"}],"predecessor-version":[{"id":1993,"href":"https:\/\/www.pestlife.com.tr\/index.php?rest_route=\/wp\/v2\/pages\/162\/revisions\/1993"}],"wp:attachment":[{"href":"https:\/\/www.pestlife.com.tr\/index.php?rest_route=%2Fwp%2Fv2%2Fmedia&parent=162"}],"curies":[{"name":"wp","href":"https:\/\/api.w.org\/{rel}","templated":true}]}}